{"id":2,"date":"2026-03-16T23:09:58","date_gmt":"2026-03-16T22:09:58","guid":{"rendered":"http:\/\/pl.lafify.com\/?page_id=2"},"modified":"2026-03-16T23:09:58","modified_gmt":"2026-03-16T22:09:58","slug":"ez-egy-minta-oldal","status":"publish","type":"page","link":"https:\/\/lafify.com\/pl\/ez-egy-minta-oldal\/","title":{"rendered":"Ez egy minta oldal"},"content":{"rendered":"\n<p>Ez egy mintaoldal. Az oldal k\u00fcl\u00f6nb\u00f6zik a bejegyz\u00e9st\u0151l annyiban, hogy az oldal egy \u00e1lland\u00f3 tartalm\u00fa bejegyz\u00e9s, ami &#8211; a legt\u00f6bb sablonn\u00e1l &#8211; a weboldal navig\u00e1ci\u00f3s r\u00e9sz\u00e9ben \u00e1lland\u00f3 helyen van.\nA legt\u00f6bb ember olyan Bemutatkoz\u00f3 oldallal kezd, amelyik bemutatja \u0151t, vagy a tev\u00e9kenys\u00e9g\u00e9t a weboldal l\u00e1togat\u00f3inak. A Bemutatkoz\u00e1s oldal valami ilyesmi lehet:<\/p>\n\n\n\n<blockquote class=\"wp-block-quote is-layout-flow wp-block-quote-is-layout-flow\">\n\n<p>\u00dcdv\u00f6zlet az Olvas\u00f3knak! Nappal biciklis pizzafut\u00e1r vagyok, \u00e9jszaka pedig egy t\u00f6rekv\u0151 sz\u00edn\u00e9sz-tanonc, ez pedig az \u00e9n weboldalam.<br>Budapesten \u00e9lek \u00e9s van egy csod\u00e1latos n\u00e9met juh\u00e1sz kuty\u00e1m, aki Velorex n\u00e9vre hallgat. Kedvenc kokt\u00e9lom a Pi\u00f1a Colada, de a Mojitot is nagyon kedvelem. (De, az\u00e9rt az igazi ned\u0171: egy b\u00e1rsonyos v\u00f6r\u00f6sbor.)<\/p>\n\n<\/blockquote>\n\n\n\n<p>\u2026vagy valami eg\u00e9szen m\u00e1s:<\/p>\n\n\n\n<blockquote class=\"wp-block-quote is-layout-flow wp-block-quote-is-layout-flow\">\n\n<p>Az XYZ Bigy\u00f3 V\u00e1llalatot 1971-ben alap\u00edtott\u00e1k, az\u00f3ta gy\u00e1rtja a legjobb min\u0151s\u00e9g\u0171 bigy\u00f3kat. A c\u00e9g k\u00f6zpontja Budapesten tal\u00e1lhat\u00f3, ahol t\u00f6bb mint 2000 embert foglalkoztatnak, valamint sz\u00e1mos k\u00f6z\u00f6ss\u00e9gi \u00e9s j\u00f3t\u00e9konys\u00e1gi programban is akt\u00edvan r\u00e9sztvesznek.<\/p>\n\n<\/blockquote>\n\n\n\n<p>\u00daj WordPress felhaszn\u00e1l\u00f3k\u00e9nt a <a href=\"https:\/\/pl.lafify.com\/wp-admin\/\">Vez\u00e9rl\u0151pult<\/a> r\u00e9szre ugorva lehet t\u00f6r\u00f6lni ezt az oldalt, \u00e9s l\u00e9trehozni egy \u00faja oldalt a saj\u00e1t tartalmunk r\u00e9sz\u00e9re. J\u00f3 sz\u00f3rakoz\u00e1st!<\/p>\n","protected":false},"excerpt":{"rendered":"<p>Ez egy mintaoldal. Az oldal k\u00fcl\u00f6nb\u00f6zik a bejegyz\u00e9st\u0151l annyiban, hogy az oldal egy \u00e1lland\u00f3 tartalm\u00fa bejegyz\u00e9s, ami &#8211; a legt\u00f6bb sablonn\u00e1l &#8211; a weboldal navig\u00e1ci\u00f3s r\u00e9sz\u00e9ben \u00e1lland\u00f3 helyen van. A legt\u00f6bb ember olyan Bemutatkoz\u00f3 oldallal kezd, amelyik bemutatja \u0151t, vagy a tev\u00e9kenys\u00e9g\u00e9t a weboldal l\u00e1togat\u00f3inak. A Bemutatkoz\u00e1s oldal valami ilyesmi lehet: \u00dcdv\u00f6zlet az Olvas\u00f3knak! Nappal biciklis pizzafut\u00e1r vagyok, \u00e9jszaka pedig egy t\u00f6rekv\u0151 sz\u00edn\u00e9sz-tanonc, ez pedig az \u00e9n weboldalam.Budapesten \u00e9lek \u00e9s van egy csod\u00e1latos n\u00e9met juh\u00e1sz kuty\u00e1m, aki Velorex n\u00e9vre hallgat. Kedvenc kokt\u00e9lom a Pi\u00f1a Colada, de a Mojitot is nagyon kedvelem. (De, az\u00e9rt az igazi ned\u0171: egy b\u00e1rsonyos v\u00f6r\u00f6sbor.) \u2026vagy valami eg\u00e9szen m\u00e1s: Az XYZ Bigy\u00f3 V\u00e1llalatot 1971-ben alap\u00edtott\u00e1k, az\u00f3ta gy\u00e1rtja a legjobb min\u0151s\u00e9g\u0171 bigy\u00f3kat. A c\u00e9g k\u00f6zpontja Budapesten tal\u00e1lhat\u00f3, ahol t\u00f6bb mint 2000 embert foglalkoztatnak, valamint sz\u00e1mos k\u00f6z\u00f6ss\u00e9gi \u00e9s j\u00f3t\u00e9konys\u00e1gi programban is akt\u00edvan r\u00e9sztvesznek. \u00daj WordPress felhaszn\u00e1l\u00f3k\u00e9nt a Vez\u00e9rl\u0151pult r\u00e9szre ugorva lehet t\u00f6r\u00f6lni ezt az oldalt, \u00e9s l\u00e9trehozni egy \u00faja oldalt a saj\u00e1t tartalmunk r\u00e9sz\u00e9re. J\u00f3 sz\u00f3rakoz\u00e1st!<\/p>\n","protected":false},"author":1,"featured_media":0,"parent":0,"menu_order":0,"comment_status":"closed","ping_status":"open","template":"","meta":{"give_campaign_id":0,"footnotes":""},"class_list":["post-2","page","type-page","status-publish","hentry"],"yoast_head":"<!-- This site is optimized with the Yoast SEO plugin v27.4 - https:\/\/yoast.com\/product\/yoast-seo-wordpress\/ -->\n<title>Ez egy minta oldal - Lengyel<\/title>\n<meta name=\"robots\" content=\"index, follow, max-snippet:-1, max-image-preview:large, max-video-preview:-1\" \/>\n<link rel=\"canonical\" href=\"https:\/\/lafify.com\/pl\/ez-egy-minta-oldal\/\" \/>\n<meta property=\"og:locale\" content=\"en_US\" \/>\n<meta property=\"og:type\" content=\"article\" \/>\n<meta property=\"og:title\" content=\"Ez egy minta oldal - Lengyel\" \/>\n<meta property=\"og:description\" content=\"Ez egy mintaoldal. Az oldal k\u00fcl\u00f6nb\u00f6zik a bejegyz\u00e9st\u0151l annyiban, hogy az oldal egy \u00e1lland\u00f3 tartalm\u00fa bejegyz\u00e9s, ami &#8211; a legt\u00f6bb sablonn\u00e1l &#8211; a weboldal navig\u00e1ci\u00f3s r\u00e9sz\u00e9ben \u00e1lland\u00f3 helyen van. A legt\u00f6bb ember olyan Bemutatkoz\u00f3 oldallal kezd, amelyik bemutatja \u0151t, vagy a tev\u00e9kenys\u00e9g\u00e9t a weboldal l\u00e1togat\u00f3inak. A Bemutatkoz\u00e1s oldal valami ilyesmi lehet: \u00dcdv\u00f6zlet az Olvas\u00f3knak! Nappal biciklis pizzafut\u00e1r vagyok, \u00e9jszaka pedig egy t\u00f6rekv\u0151 sz\u00edn\u00e9sz-tanonc, ez pedig az \u00e9n weboldalam.Budapesten \u00e9lek \u00e9s van egy csod\u00e1latos n\u00e9met juh\u00e1sz kuty\u00e1m, aki Velorex n\u00e9vre hallgat. Kedvenc kokt\u00e9lom a Pi\u00f1a Colada, de a Mojitot is nagyon kedvelem. (De, az\u00e9rt az igazi ned\u0171: egy b\u00e1rsonyos v\u00f6r\u00f6sbor.) \u2026vagy valami eg\u00e9szen m\u00e1s: Az XYZ Bigy\u00f3 V\u00e1llalatot 1971-ben alap\u00edtott\u00e1k, az\u00f3ta gy\u00e1rtja a legjobb min\u0151s\u00e9g\u0171 bigy\u00f3kat. A c\u00e9g k\u00f6zpontja Budapesten tal\u00e1lhat\u00f3, ahol t\u00f6bb mint 2000 embert foglalkoztatnak, valamint sz\u00e1mos k\u00f6z\u00f6ss\u00e9gi \u00e9s j\u00f3t\u00e9konys\u00e1gi programban is akt\u00edvan r\u00e9sztvesznek. \u00daj WordPress felhaszn\u00e1l\u00f3k\u00e9nt a Vez\u00e9rl\u0151pult r\u00e9szre ugorva lehet t\u00f6r\u00f6lni ezt az oldalt, \u00e9s l\u00e9trehozni egy \u00faja oldalt a saj\u00e1t tartalmunk r\u00e9sz\u00e9re. J\u00f3 sz\u00f3rakoz\u00e1st!\" \/>\n<meta property=\"og:url\" content=\"https:\/\/lafify.com\/pl\/ez-egy-minta-oldal\/\" \/>\n<meta property=\"og:site_name\" content=\"Lengyel\" \/>\n<meta name=\"twitter:card\" content=\"summary_large_image\" \/>\n<meta name=\"twitter:label1\" content=\"Est. reading time\" \/>\n\t<meta name=\"twitter:data1\" content=\"1 minute\" \/>\n<script type=\"application\/ld+json\" class=\"yoast-schema-graph\">{\"@context\":\"https:\\\/\\\/schema.org\",\"@graph\":[{\"@type\":\"WebPage\",\"@id\":\"https:\\\/\\\/lafify.com\\\/pl\\\/ez-egy-minta-oldal\\\/\",\"url\":\"https:\\\/\\\/lafify.com\\\/pl\\\/ez-egy-minta-oldal\\\/\",\"name\":\"Ez egy minta oldal - Lengyel\",\"isPartOf\":{\"@id\":\"https:\\\/\\\/lafify.com\\\/pl\\\/#website\"},\"datePublished\":\"2026-03-16T22:09:58+00:00\",\"breadcrumb\":{\"@id\":\"https:\\\/\\\/lafify.com\\\/pl\\\/ez-egy-minta-oldal\\\/#breadcrumb\"},\"inLanguage\":\"en-US\",\"potentialAction\":[{\"@type\":\"ReadAction\",\"target\":[\"https:\\\/\\\/lafify.com\\\/pl\\\/ez-egy-minta-oldal\\\/\"]}]},{\"@type\":\"BreadcrumbList\",\"@id\":\"https:\\\/\\\/lafify.com\\\/pl\\\/ez-egy-minta-oldal\\\/#breadcrumb\",\"itemListElement\":[{\"@type\":\"ListItem\",\"position\":1,\"name\":\"Kezd\u0151lap\",\"item\":\"https:\\\/\\\/lafify.com\\\/pl\\\/\"},{\"@type\":\"ListItem\",\"position\":2,\"name\":\"Ez egy minta oldal\"}]},{\"@type\":\"WebSite\",\"@id\":\"https:\\\/\\\/lafify.com\\\/pl\\\/#website\",\"url\":\"https:\\\/\\\/lafify.com\\\/pl\\\/\",\"name\":\"Lengyel\",\"description\":\"\",\"potentialAction\":[{\"@type\":\"SearchAction\",\"target\":{\"@type\":\"EntryPoint\",\"urlTemplate\":\"https:\\\/\\\/lafify.com\\\/pl\\\/?s={search_term_string}\"},\"query-input\":{\"@type\":\"PropertyValueSpecification\",\"valueRequired\":true,\"valueName\":\"search_term_string\"}}],\"inLanguage\":\"en-US\"}]}<\/script>\n<!-- \/ Yoast SEO plugin. -->","yoast_head_json":{"title":"Ez egy minta oldal - Lengyel","robots":{"index":"index","follow":"follow","max-snippet":"max-snippet:-1","max-image-preview":"max-image-preview:large","max-video-preview":"max-video-preview:-1"},"canonical":"https:\/\/lafify.com\/pl\/ez-egy-minta-oldal\/","og_locale":"en_US","og_type":"article","og_title":"Ez egy minta oldal - Lengyel","og_description":"Ez egy mintaoldal. Az oldal k\u00fcl\u00f6nb\u00f6zik a bejegyz\u00e9st\u0151l annyiban, hogy az oldal egy \u00e1lland\u00f3 tartalm\u00fa bejegyz\u00e9s, ami &#8211; a legt\u00f6bb sablonn\u00e1l &#8211; a weboldal navig\u00e1ci\u00f3s r\u00e9sz\u00e9ben \u00e1lland\u00f3 helyen van. A legt\u00f6bb ember olyan Bemutatkoz\u00f3 oldallal kezd, amelyik bemutatja \u0151t, vagy a tev\u00e9kenys\u00e9g\u00e9t a weboldal l\u00e1togat\u00f3inak. A Bemutatkoz\u00e1s oldal valami ilyesmi lehet: \u00dcdv\u00f6zlet az Olvas\u00f3knak! Nappal biciklis pizzafut\u00e1r vagyok, \u00e9jszaka pedig egy t\u00f6rekv\u0151 sz\u00edn\u00e9sz-tanonc, ez pedig az \u00e9n weboldalam.Budapesten \u00e9lek \u00e9s van egy csod\u00e1latos n\u00e9met juh\u00e1sz kuty\u00e1m, aki Velorex n\u00e9vre hallgat. Kedvenc kokt\u00e9lom a Pi\u00f1a Colada, de a Mojitot is nagyon kedvelem. (De, az\u00e9rt az igazi ned\u0171: egy b\u00e1rsonyos v\u00f6r\u00f6sbor.) \u2026vagy valami eg\u00e9szen m\u00e1s: Az XYZ Bigy\u00f3 V\u00e1llalatot 1971-ben alap\u00edtott\u00e1k, az\u00f3ta gy\u00e1rtja a legjobb min\u0151s\u00e9g\u0171 bigy\u00f3kat. A c\u00e9g k\u00f6zpontja Budapesten tal\u00e1lhat\u00f3, ahol t\u00f6bb mint 2000 embert foglalkoztatnak, valamint sz\u00e1mos k\u00f6z\u00f6ss\u00e9gi \u00e9s j\u00f3t\u00e9konys\u00e1gi programban is akt\u00edvan r\u00e9sztvesznek. \u00daj WordPress felhaszn\u00e1l\u00f3k\u00e9nt a Vez\u00e9rl\u0151pult r\u00e9szre ugorva lehet t\u00f6r\u00f6lni ezt az oldalt, \u00e9s l\u00e9trehozni egy \u00faja oldalt a saj\u00e1t tartalmunk r\u00e9sz\u00e9re. J\u00f3 sz\u00f3rakoz\u00e1st!","og_url":"https:\/\/lafify.com\/pl\/ez-egy-minta-oldal\/","og_site_name":"Lengyel","twitter_card":"summary_large_image","twitter_misc":{"Est. reading time":"1 minute"},"schema":{"@context":"https:\/\/schema.org","@graph":[{"@type":"WebPage","@id":"https:\/\/lafify.com\/pl\/ez-egy-minta-oldal\/","url":"https:\/\/lafify.com\/pl\/ez-egy-minta-oldal\/","name":"Ez egy minta oldal - Lengyel","isPartOf":{"@id":"https:\/\/lafify.com\/pl\/#website"},"datePublished":"2026-03-16T22:09:58+00:00","breadcrumb":{"@id":"https:\/\/lafify.com\/pl\/ez-egy-minta-oldal\/#breadcrumb"},"inLanguage":"en-US","potentialAction":[{"@type":"ReadAction","target":["https:\/\/lafify.com\/pl\/ez-egy-minta-oldal\/"]}]},{"@type":"BreadcrumbList","@id":"https:\/\/lafify.com\/pl\/ez-egy-minta-oldal\/#breadcrumb","itemListElement":[{"@type":"ListItem","position":1,"name":"Kezd\u0151lap","item":"https:\/\/lafify.com\/pl\/"},{"@type":"ListItem","position":2,"name":"Ez egy minta oldal"}]},{"@type":"WebSite","@id":"https:\/\/lafify.com\/pl\/#website","url":"https:\/\/lafify.com\/pl\/","name":"Lengyel","description":"","potentialAction":[{"@type":"SearchAction","target":{"@type":"EntryPoint","urlTemplate":"https:\/\/lafify.com\/pl\/?s={search_term_string}"},"query-input":{"@type":"PropertyValueSpecification","valueRequired":true,"valueName":"search_term_string"}}],"inLanguage":"en-US"}]}},"campaignId":"","_links":{"self":[{"href":"https:\/\/lafify.com\/pl\/wp-json\/wp\/v2\/pages\/2","targetHints":{"allow":["GET"]}}],"collection":[{"href":"https:\/\/lafify.com\/pl\/wp-json\/wp\/v2\/pages"}],"about":[{"href":"https:\/\/lafify.com\/pl\/wp-json\/wp\/v2\/types\/page"}],"author":[{"embeddable":true,"href":"https:\/\/lafify.com\/pl\/wp-json\/wp\/v2\/users\/1"}],"replies":[{"embeddable":true,"href":"https:\/\/lafify.com\/pl\/wp-json\/wp\/v2\/comments?post=2"}],"version-history":[{"count":0,"href":"https:\/\/lafify.com\/pl\/wp-json\/wp\/v2\/pages\/2\/revisions"}],"wp:attachment":[{"href":"https:\/\/lafify.com\/pl\/wp-json\/wp\/v2\/media?parent=2"}],"curies":[{"name":"wp","href":"https:\/\/api.w.org\/{rel}","templated":true}]}}